{"id":1440,"date":"2023-02-01T10:14:00","date_gmt":"2023-02-01T10:14:00","guid":{"rendered":"http:\/\/thepeopleconsulting.com\/?page_id=1440"},"modified":"2023-09-10T04:11:20","modified_gmt":"2023-09-10T04:11:20","slug":"achieving-ipo-readiness","status":"publish","type":"page","link":"https:\/\/thepeopleconsulting.com\/de\/our-work\/achieving-ipo-readiness\/","title":{"rendered":"IPO-Readiness erreichen"},"content":{"rendered":"<div data-elementor-type=\"wp-page\" data-elementor-id=\"1440\" class=\"elementor elementor-1440\" data-elementor-post-type=\"page\">\n\t\t\t\t\t\t<section class=\"elementor-section elementor-top-section elementor-element elementor-element-0b9dd26 elementor-section-height-min-height elementor-section-boxed elementor-section-height-default elementor-section-items-middle\" data-id=\"0b9dd26\" data-element_type=\"section\" data-settings=\"{&quot;background_background&quot;:&quot;classic&quot;}\">\n\t\t\t\t\t\t<div class=\"elementor-container elementor-column-gap-default\">\n\t\t\t\t\t<div class=\"elementor-column elementor-col-100 elementor-top-column elementor-element elementor-element-1c7ffe4\" data-id=\"1c7ffe4\" data-element_type=\"column\">\n\t\t\t<div class=\"elementor-widget-wrap elementor-element-populated\">\n\t\t\t\t\t\t<div class=\"elementor-element elementor-element-59f62f8 elementor-widget elementor-widget-image\" data-id=\"59f62f8\" data-element_type=\"widget\" data-widget_type=\"image.default\">\n\t\t\t\t<div class=\"elementor-widget-container\">\n\t\t\t\t\t\t\t\t\t\t\t\t\t<img fetchpriority=\"high\" decoding=\"async\" width=\"768\" height=\"960\" src=\"https:\/\/thepeopleconsulting.com\/wp-content\/uploads\/2023\/04\/miguel-bruna-DdiaNwoCK0c-unsplash-1.jpg\" class=\"attachment-full size-full wp-image-3221\" alt=\"\" srcset=\"https:\/\/thepeopleconsulting.com\/wp-content\/uploads\/2023\/04\/miguel-bruna-DdiaNwoCK0c-unsplash-1.jpg 768w, https:\/\/thepeopleconsulting.com\/wp-content\/uploads\/2023\/04\/miguel-bruna-DdiaNwoCK0c-unsplash-1-240x300.jpg 240w\" sizes=\"(max-width: 768px) 100vw, 768px\" \/>\t\t\t\t\t\t\t\t\t\t\t\t\t<\/div>\n\t\t\t\t<\/div>\n\t\t\t\t<div class=\"elementor-element elementor-element-570c072 elementor-widget elementor-widget-text-editor\" data-id=\"570c072\" data-element_type=\"widget\" data-widget_type=\"text-editor.default\">\n\t\t\t\t<div class=\"elementor-widget-container\">\n\t\t\t\t\t\t\t<p>Unser Kunde strebte den n\u00e4chsten gro\u00dfen Wachstumsschritt an - den B\u00f6rsengang. Wir unterst\u00fctzten bei der Vorbereitung f\u00fcr einen erfolgreichen B\u00f6rsengang, indem wir die gesetzlichen Mindestanforderungen an das Risikomanagement herstellten.<\/p><p>Diese IPO-Readiness zeigt, wie gute Prozesse und Risikomanagement zum Erfolg eines jeden Unternehmens beitragen k\u00f6nnen, nicht nur bei einem B\u00f6rsengang. Das Risikomanagement stellt sicher, dass Prozesse, Arbeitsanweisungen und Kontrollen vorhanden sind, die das Wachstum eines Unternehmens, die Automatisierung und die Transparenz in allen Unternehmensfunktionen sicherstellen.<\/p>\t\t\t\t\t\t<\/div>\n\t\t\t\t<\/div>\n\t\t\t\t<div class=\"elementor-element elementor-element-524e474 elementor-widget elementor-widget-image\" data-id=\"524e474\" data-element_type=\"widget\" data-widget_type=\"image.default\">\n\t\t\t\t<div class=\"elementor-widget-container\">\n\t\t\t\t\t\t\t\t\t\t\t\t\t<img decoding=\"async\" width=\"768\" height=\"432\" src=\"https:\/\/thepeopleconsulting.com\/wp-content\/uploads\/2023\/04\/pexels-isaque-pereira-3943771-1.jpg\" class=\"attachment-full size-full wp-image-3243\" alt=\"\" srcset=\"https:\/\/thepeopleconsulting.com\/wp-content\/uploads\/2023\/04\/pexels-isaque-pereira-3943771-1.jpg 768w, https:\/\/thepeopleconsulting.com\/wp-content\/uploads\/2023\/04\/pexels-isaque-pereira-3943771-1-300x169.jpg 300w\" sizes=\"(max-width: 768px) 100vw, 768px\" \/>\t\t\t\t\t\t\t\t\t\t\t\t\t<\/div>\n\t\t\t\t<\/div>\n\t\t\t\t<div class=\"elementor-element elementor-element-4180bee elementor-widget elementor-widget-spacer\" data-id=\"4180bee\" data-element_type=\"widget\" data-widget_type=\"spacer.default\">\n\t\t\t\t<div class=\"elementor-widget-container\">\n\t\t\t\t\t<div class=\"elementor-spacer\">\n\t\t\t<div class=\"elementor-spacer-inner\"><\/div>\n\t\t<\/div>\n\t\t\t\t<\/div>\n\t\t\t\t<\/div>\n\t\t\t\t<section class=\"elementor-section elementor-inner-section elementor-element elementor-element-1b20bf6 elementor-section-full_width elementor-section-height-default elementor-section-height-default\" data-id=\"1b20bf6\" data-element_type=\"section\">\n\t\t\t\t\t\t<div class=\"elementor-container elementor-column-gap-default\">\n\t\t\t\t\t<div class=\"elementor-column elementor-col-33 elementor-inner-column elementor-element elementor-element-9ed3a44\" data-id=\"9ed3a44\" data-element_type=\"column\">\n\t\t\t<div class=\"elementor-widget-wrap elementor-element-populated\">\n\t\t\t\t\t\t<div class=\"elementor-element elementor-element-0dce1bb animate elementor-widget elementor-widget-heading\" data-id=\"0dce1bb\" data-element_type=\"widget\" data-widget_type=\"heading.default\">\n\t\t\t\t<div class=\"elementor-widget-container\">\n\t\t\t<h2 class=\"elementor-heading-title elementor-size-default\">Transparenz<\/h2>\t\t<\/div>\n\t\t\t\t<\/div>\n\t\t\t\t\t<\/div>\n\t\t<\/div>\n\t\t\t\t<div class=\"elementor-column elementor-col-33 elementor-inner-column elementor-element elementor-element-03dd214\" data-id=\"03dd214\" data-element_type=\"column\">\n\t\t\t<div class=\"elementor-widget-wrap elementor-element-populated\">\n\t\t\t\t\t\t<div class=\"elementor-element elementor-element-721788c animate elementor-widget elementor-widget-heading\" data-id=\"721788c\" data-element_type=\"widget\" data-widget_type=\"heading.default\">\n\t\t\t\t<div class=\"elementor-widget-container\">\n\t\t\t<h2 class=\"elementor-heading-title elementor-size-default\">Integrit\u00e4t<\/h2>\t\t<\/div>\n\t\t\t\t<\/div>\n\t\t\t\t\t<\/div>\n\t\t<\/div>\n\t\t\t\t<div class=\"elementor-column elementor-col-33 elementor-inner-column elementor-element elementor-element-a165bb5\" data-id=\"a165bb5\" data-element_type=\"column\">\n\t\t\t<div class=\"elementor-widget-wrap elementor-element-populated\">\n\t\t\t\t\t\t<div class=\"elementor-element elementor-element-6132c10 animate elementor-widget elementor-widget-heading\" data-id=\"6132c10\" data-element_type=\"widget\" data-widget_type=\"heading.default\">\n\t\t\t\t<div class=\"elementor-widget-container\">\n\t\t\t<h2 class=\"elementor-heading-title elementor-size-default\">Automatisierung<\/h2>\t\t<\/div>\n\t\t\t\t<\/div>\n\t\t\t\t\t<\/div>\n\t\t<\/div>\n\t\t\t\t\t<\/div>\n\t\t<\/section>\n\t\t\t\t<div class=\"elementor-element elementor-element-a0e5ba0 elementor-widget elementor-widget-text-editor\" data-id=\"a0e5ba0\" data-element_type=\"widget\" data-widget_type=\"text-editor.default\">\n\t\t\t\t<div class=\"elementor-widget-container\">\n\t\t\t\t\t\t\t<p>Wir f\u00fchrten eine Gap-Analyse des Ist-Zustandes durch, indem wir die etablierte Risikomanagementfunktion sowie die bestehenden Prozesse und Arbeitsanweisungen analysierten und sie den gesetzlichen Anforderungen f\u00fcr ein b\u00f6rsennotiertes Unternehmen gegen\u00fcberstellten. In enger Zusammenarbeit mit dem Kunden veranstalteten wir Stakeholder Workshops und f\u00fchrten Interviews, um die zuk\u00fcnftige Funktionsweise des Risikomanagements im Unternehmen zu definieren.<\/p>\t\t\t\t\t\t<\/div>\n\t\t\t\t<\/div>\n\t\t\t\t<section class=\"elementor-section elementor-inner-section elementor-element elementor-element-67cba8b elementor-section-boxed elementor-section-height-default elementor-section-height-default\" data-id=\"67cba8b\" data-element_type=\"section\">\n\t\t\t\t\t\t<div class=\"elementor-container elementor-column-gap-default\">\n\t\t\t\t\t<div class=\"elementor-column elementor-col-100 elementor-inner-column elementor-element elementor-element-a8f559e\" data-id=\"a8f559e\" data-element_type=\"column\">\n\t\t\t<div class=\"elementor-widget-wrap elementor-element-populated\">\n\t\t\t\t\t\t<div class=\"elementor-element elementor-element-cdc6e5a animate elementor-widget elementor-widget-heading\" data-id=\"cdc6e5a\" data-element_type=\"widget\" data-widget_type=\"heading.default\">\n\t\t\t\t<div class=\"elementor-widget-container\">\n\t\t\t<h2 class=\"elementor-heading-title elementor-size-default\">Kunden Erfolge.<\/h2>\t\t<\/div>\n\t\t\t\t<\/div>\n\t\t\t\t<div class=\"elementor-element elementor-element-77efe99 elementor-widget elementor-widget-text-editor\" data-id=\"77efe99\" data-element_type=\"widget\" data-widget_type=\"text-editor.default\">\n\t\t\t\t<div class=\"elementor-widget-container\">\n\t\t\t\t\t\t\t<p>Gemeinsam entwarfen und implementierten wir die neue Generation von Prozessen, Arbeitsanweisungen und die Risikokontrollmatrix in allen relevanten Bereichen des Unternehmens. Wir etablierten ein deutlich verbessertes Risikomanagement, das es unserem Kunden erm\u00f6glichte, die geltenden rechtlichen Anforderungen f\u00fcr den B\u00f6rsengang zu erf\u00fcllen.<\/p>\t\t\t\t\t\t<\/div>\n\t\t\t\t<\/div>\n\t\t\t\t<div class=\"elementor-element elementor-element-8cc2a14 elementor-widget elementor-widget-spacer\" data-id=\"8cc2a14\" data-element_type=\"widget\" data-widget_type=\"spacer.default\">\n\t\t\t\t<div class=\"elementor-widget-container\">\n\t\t\t\t\t<div class=\"elementor-spacer\">\n\t\t\t<div class=\"elementor-spacer-inner\"><\/div>\n\t\t<\/div>\n\t\t\t\t<\/div>\n\t\t\t\t<\/div>\n\t\t\t\t<div class=\"elementor-element elementor-element-323bfbd elementor-align-center elementor-widget elementor-widget-button\" data-id=\"323bfbd\" data-element_type=\"widget\" data-widget_type=\"button.default\">\n\t\t\t\t<div class=\"elementor-widget-container\">\n\t\t\t\t\t<div class=\"elementor-button-wrapper\">\n\t\t\t<a class=\"elementor-button elementor-button-link elementor-size-sm elementor-animation-grow\" href=\"https:\/\/thepeopleconsulting.com\/de\/services\/\">\n\t\t\t\t\t\t<span class=\"elementor-button-content-wrapper\">\n\t\t\t\t\t\t\t\t\t<span class=\"elementor-button-text\">Hier entlang zu deinem Erfolg<\/span>\n\t\t\t\t\t<\/span>\n\t\t\t\t\t<\/a>\n\t\t<\/div>\n\t\t\t\t<\/div>\n\t\t\t\t<\/div>\n\t\t\t\t<div class=\"elementor-element elementor-element-2cb4ef5 elementor-widget elementor-widget-spacer\" data-id=\"2cb4ef5\" data-element_type=\"widget\" data-widget_type=\"spacer.default\">\n\t\t\t\t<div class=\"elementor-widget-container\">\n\t\t\t\t\t<div class=\"elementor-spacer\">\n\t\t\t<div class=\"elementor-spacer-inner\"><\/div>\n\t\t<\/div>\n\t\t\t\t<\/div>\n\t\t\t\t<\/div>\n\t\t\t\t\t<\/div>\n\t\t<\/div>\n\t\t\t\t\t<\/div>\n\t\t<\/section>\n\t\t\t\t<section class=\"elementor-section elementor-inner-section elementor-element elementor-element-8f2ec23 elementor-section-boxed elementor-section-height-default elementor-section-height-default\" data-id=\"8f2ec23\" data-element_type=\"section\">\n\t\t\t\t\t\t<div class=\"elementor-container elementor-column-gap-default\">\n\t\t\t\t\t<div class=\"elementor-column elementor-col-50 elementor-inner-column elementor-element elementor-element-11c7c93\" data-id=\"11c7c93\" data-element_type=\"column\">\n\t\t\t<div class=\"elementor-widget-wrap\">\n\t\t\t\t\t\t\t<\/div>\n\t\t<\/div>\n\t\t\t\t<div class=\"elementor-column elementor-col-50 elementor-inner-column elementor-element elementor-element-0b0f370\" data-id=\"0b0f370\" data-element_type=\"column\">\n\t\t\t<div class=\"elementor-widget-wrap elementor-element-populated\">\n\t\t\t\t\t\t<div class=\"elementor-element elementor-element-21a8852 elementor-align-right elementor-widget elementor-widget-button\" data-id=\"21a8852\" data-element_type=\"widget\" data-widget_type=\"button.default\">\n\t\t\t\t<div class=\"elementor-widget-container\">\n\t\t\t\t\t<div class=\"elementor-button-wrapper\">\n\t\t\t<a class=\"elementor-button elementor-button-link elementor-size-sm elementor-animation-grow\" href=\"https:\/\/thepeopleconsulting.com\/de\/our-work\/moving-global-standardization\/\">\n\t\t\t\t\t\t<span class=\"elementor-button-content-wrapper\">\n\t\t\t\t\t\t<span class=\"elementor-button-icon\">\n\t\t\t\t<i aria-hidden=\"true\" class=\"fas fa-chevron-right\"><\/i>\t\t\t<\/span>\n\t\t\t\t\t\t\t\t<\/span>\n\t\t\t\t\t<\/a>\n\t\t<\/div>\n\t\t\t\t<\/div>\n\t\t\t\t<\/div>\n\t\t\t\t\t<\/div>\n\t\t<\/div>\n\t\t\t\t\t<\/div>\n\t\t<\/section>\n\t\t\t\t\t<\/div>\n\t\t<\/div>\n\t\t\t\t\t<\/div>\n\t\t<\/section>\n\t\t\t\t<\/div>\n\t\t<div class=\"shariff shariff-align-flex-start shariff-widget-align-flex-start\"><ul class=\"shariff-buttons theme-round orientation-horizontal buttonsize-medium\"><li class=\"shariff-button facebook\" style=\"background-color:#2D14A9\"><a href=\"https:\/\/www.facebook.com\/sharer\/sharer.php?u=https%3A%2F%2Fthepeopleconsulting.com%2Fde%2Four-work%2Fachieving-ipo-readiness%2F\" title=\"Share on Facebook\" aria-label=\"Share on Facebook\" role=\"button\" rel=\"nofollow\" class=\"shariff-link\" style=\"; background-color:#2D14A9; color:#fff\" target=\"_blank\"><span class=\"shariff-icon\" style=\"\"><svg width=\"32px\" height=\"20px\" xmlns=\"http:\/\/www.w3.org\/2000\/svg\" viewbox=\"0 0 18 32\"><path fill=\"#3b5998\" d=\"M17.1 0.2v4.7h-2.8q-1.5 0-2.1 0.6t-0.5 1.9v3.4h5.2l-0.7 5.3h-4.5v13.6h-5.5v-13.6h-4.5v-5.3h4.5v-3.9q0-3.3 1.9-5.2t5-1.8q2.6 0 4.1 0.2z\"\/><\/svg><\/span><\/a><\/li><li class=\"shariff-button linkedin\" style=\"background-color:#2D14A9\"><a href=\"https:\/\/www.linkedin.com\/sharing\/share-offsite\/?url=https%3A%2F%2Fthepeopleconsulting.com%2Fde%2Four-work%2Fachieving-ipo-readiness%2F\" title=\"Share on LinkedIn\" aria-label=\"Share on LinkedIn\" role=\"button\" rel=\"noopener nofollow\" class=\"shariff-link\" style=\"; background-color:#2D14A9; color:#fff\" target=\"_blank\"><span class=\"shariff-icon\" style=\"\"><svg width=\"32px\" height=\"20px\" xmlns=\"http:\/\/www.w3.org\/2000\/svg\" viewbox=\"0 0 27 32\"><path fill=\"#0077b5\" d=\"M6.2 11.2v17.7h-5.9v-17.7h5.9zM6.6 5.7q0 1.3-0.9 2.2t-2.4 0.9h0q-1.5 0-2.4-0.9t-0.9-2.2 0.9-2.2 2.4-0.9 2.4 0.9 0.9 2.2zM27.4 18.7v10.1h-5.9v-9.5q0-1.9-0.7-2.9t-2.3-1.1q-1.1 0-1.9 0.6t-1.2 1.5q-0.2 0.5-0.2 1.4v9.9h-5.9q0-7.1 0-11.6t0-5.3l0-0.9h5.9v2.6h0q0.4-0.6 0.7-1t1-0.9 1.6-0.8 2-0.3q3 0 4.9 2t1.9 6z\"\/><\/svg><\/span><\/a><\/li><li class=\"shariff-button whatsapp\" style=\"background-color:#2D14A9\"><a href=\"https:\/\/api.whatsapp.com\/send?text=https%3A%2F%2Fthepeopleconsulting.com%2Fde%2Four-work%2Fachieving-ipo-readiness%2F%20Achieving%20IPO%20Readiness\" title=\"Share on Whatsapp\" aria-label=\"Share on Whatsapp\" role=\"button\" rel=\"noopener nofollow\" class=\"shariff-link\" style=\"; background-color:#2D14A9; color:#fff\" target=\"_blank\"><span class=\"shariff-icon\" style=\"\"><svg width=\"32px\" height=\"20px\" xmlns=\"http:\/\/www.w3.org\/2000\/svg\" viewbox=\"0 0 32 32\"><path fill=\"#34af23\" d=\"M17.6 17.4q0.2 0 1.7 0.8t1.6 0.9q0 0.1 0 0.3 0 0.6-0.3 1.4-0.3 0.7-1.3 1.2t-1.8 0.5q-1 0-3.4-1.1-1.7-0.8-3-2.1t-2.6-3.3q-1.3-1.9-1.3-3.5v-0.1q0.1-1.6 1.3-2.8 0.4-0.4 0.9-0.4 0.1 0 0.3 0t0.3 0q0.3 0 0.5 0.1t0.3 0.5q0.1 0.4 0.6 1.6t0.4 1.3q0 0.4-0.6 1t-0.6 0.8q0 0.1 0.1 0.3 0.6 1.3 1.8 2.4 1 0.9 2.7 1.8 0.2 0.1 0.4 0.1 0.3 0 1-0.9t0.9-0.9zM14 26.9q2.3 0 4.3-0.9t3.6-2.4 2.4-3.6 0.9-4.3-0.9-4.3-2.4-3.6-3.6-2.4-4.3-0.9-4.3 0.9-3.6 2.4-2.4 3.6-0.9 4.3q0 3.6 2.1 6.6l-1.4 4.2 4.3-1.4q2.8 1.9 6.2 1.9zM14 2.2q2.7 0 5.2 1.1t4.3 2.9 2.9 4.3 1.1 5.2-1.1 5.2-2.9 4.3-4.3 2.9-5.2 1.1q-3.5 0-6.5-1.7l-7.4 2.4 2.4-7.2q-1.9-3.2-1.9-6.9 0-2.7 1.1-5.2t2.9-4.3 4.3-2.9 5.2-1.1z\"\/><\/svg><\/span><\/a><\/li><\/ul><\/div>","protected":false},"excerpt":{"rendered":"<p>Our client was aiming for the next big step \u2013 going public. We supported them in achieving IPO readiness by meeting the minimum legal requirements for risk management. This case of IPO readiness demonstrates how good process- and risk management can contribute to the success of any business, not only if undertaking an IPO. Process- [&hellip;]<\/p>","protected":false},"author":1,"featured_media":0,"parent":262,"menu_order":0,"comment_status":"closed","ping_status":"closed","template":"","meta":{"_acf_changed":false,"footnotes":""},"class_list":["post-1440","page","type-page","status-publish","hentry"],"acf":[],"yoast_head":"<!-- This site is optimized with the Yoast SEO plugin v23.6 - https:\/\/yoast.com\/wordpress\/plugins\/seo\/ -->\n<title>Achieving IPO Readiness - The People Consulting<\/title>\n<meta name=\"robots\" content=\"index, follow, max-snippet:-1, max-image-preview:large, max-video-preview:-1\" \/>\n<link rel=\"canonical\" href=\"https:\/\/thepeopleconsulting.com\/de\/our-work\/achieving-ipo-readiness\/\" \/>\n<meta property=\"og:locale\" content=\"de_DE\" \/>\n<meta property=\"og:type\" content=\"article\" \/>\n<meta property=\"og:title\" content=\"Achieving IPO Readiness - The People Consulting\" \/>\n<meta property=\"og:description\" content=\"Our client was aiming for the next big step \u2013 going public. We supported them in achieving IPO readiness by meeting the minimum legal requirements for risk management. This case of IPO readiness demonstrates how good process- and risk management can contribute to the success of any business, not only if undertaking an IPO. Process- [&hellip;]\" \/>\n<meta property=\"og:url\" content=\"https:\/\/thepeopleconsulting.com\/de\/our-work\/achieving-ipo-readiness\/\" \/>\n<meta property=\"og:site_name\" content=\"The People Consulting\" \/>\n<meta property=\"article:modified_time\" content=\"2023-09-10T04:11:20+00:00\" \/>\n<meta property=\"og:image\" content=\"https:\/\/thepeopleconsulting.com\/wp-content\/uploads\/2023\/04\/miguel-bruna-DdiaNwoCK0c-unsplash-1.jpg\" \/>\n<meta name=\"twitter:card\" content=\"summary_large_image\" \/>\n<meta name=\"twitter:label1\" content=\"Gesch\u00e4tzte Lesezeit\" \/>\n\t<meta name=\"twitter:data1\" content=\"2\u00a0Minuten\" \/>\n<script type=\"application\/ld+json\" class=\"yoast-schema-graph\">{\"@context\":\"https:\/\/schema.org\",\"@graph\":[{\"@type\":\"WebPage\",\"@id\":\"https:\/\/thepeopleconsulting.com\/our-work\/achieving-ipo-readiness\/\",\"url\":\"https:\/\/thepeopleconsulting.com\/our-work\/achieving-ipo-readiness\/\",\"name\":\"Achieving IPO Readiness - The People Consulting\",\"isPartOf\":{\"@id\":\"https:\/\/thepeopleconsulting.com\/#website\"},\"primaryImageOfPage\":{\"@id\":\"https:\/\/thepeopleconsulting.com\/our-work\/achieving-ipo-readiness\/#primaryimage\"},\"image\":{\"@id\":\"https:\/\/thepeopleconsulting.com\/our-work\/achieving-ipo-readiness\/#primaryimage\"},\"thumbnailUrl\":\"https:\/\/thepeopleconsulting.com\/wp-content\/uploads\/2023\/04\/miguel-bruna-DdiaNwoCK0c-unsplash-1.jpg\",\"datePublished\":\"2023-02-01T10:14:00+00:00\",\"dateModified\":\"2023-09-10T04:11:20+00:00\",\"breadcrumb\":{\"@id\":\"https:\/\/thepeopleconsulting.com\/our-work\/achieving-ipo-readiness\/#breadcrumb\"},\"inLanguage\":\"de\",\"potentialAction\":[{\"@type\":\"ReadAction\",\"target\":[\"https:\/\/thepeopleconsulting.com\/our-work\/achieving-ipo-readiness\/\"]}]},{\"@type\":\"ImageObject\",\"inLanguage\":\"de\",\"@id\":\"https:\/\/thepeopleconsulting.com\/our-work\/achieving-ipo-readiness\/#primaryimage\",\"url\":\"https:\/\/thepeopleconsulting.com\/wp-content\/uploads\/2023\/04\/miguel-bruna-DdiaNwoCK0c-unsplash-1.jpg\",\"contentUrl\":\"https:\/\/thepeopleconsulting.com\/wp-content\/uploads\/2023\/04\/miguel-bruna-DdiaNwoCK0c-unsplash-1.jpg\"},{\"@type\":\"BreadcrumbList\",\"@id\":\"https:\/\/thepeopleconsulting.com\/our-work\/achieving-ipo-readiness\/#breadcrumb\",\"itemListElement\":[{\"@type\":\"ListItem\",\"position\":1,\"name\":\"Home\",\"item\":\"https:\/\/thepeopleconsulting.com\/\"},{\"@type\":\"ListItem\",\"position\":2,\"name\":\"Our Work\",\"item\":\"https:\/\/thepeopleconsulting.com\/our-work\/\"},{\"@type\":\"ListItem\",\"position\":3,\"name\":\"Achieving IPO Readiness\"}]},{\"@type\":\"WebSite\",\"@id\":\"https:\/\/thepeopleconsulting.com\/#website\",\"url\":\"https:\/\/thepeopleconsulting.com\/\",\"name\":\"The People Consulting\",\"description\":\"\",\"potentialAction\":[{\"@type\":\"SearchAction\",\"target\":{\"@type\":\"EntryPoint\",\"urlTemplate\":\"https:\/\/thepeopleconsulting.com\/?s={search_term_string}\"},\"query-input\":{\"@type\":\"PropertyValueSpecification\",\"valueRequired\":true,\"valueName\":\"search_term_string\"}}],\"inLanguage\":\"de\"}]}<\/script>\n<!-- \/ Yoast SEO plugin. -->","yoast_head_json":{"title":"Achieving IPO Readiness - The People Consulting","robots":{"index":"index","follow":"follow","max-snippet":"max-snippet:-1","max-image-preview":"max-image-preview:large","max-video-preview":"max-video-preview:-1"},"canonical":"https:\/\/thepeopleconsulting.com\/de\/our-work\/achieving-ipo-readiness\/","og_locale":"de_DE","og_type":"article","og_title":"Achieving IPO Readiness - The People Consulting","og_description":"Our client was aiming for the next big step \u2013 going public. We supported them in achieving IPO readiness by meeting the minimum legal requirements for risk management. This case of IPO readiness demonstrates how good process- and risk management can contribute to the success of any business, not only if undertaking an IPO. Process- [&hellip;]","og_url":"https:\/\/thepeopleconsulting.com\/de\/our-work\/achieving-ipo-readiness\/","og_site_name":"The People Consulting","article_modified_time":"2023-09-10T04:11:20+00:00","og_image":[{"url":"https:\/\/thepeopleconsulting.com\/wp-content\/uploads\/2023\/04\/miguel-bruna-DdiaNwoCK0c-unsplash-1.jpg"}],"twitter_card":"summary_large_image","twitter_misc":{"Gesch\u00e4tzte Lesezeit":"2\u00a0Minuten"},"schema":{"@context":"https:\/\/schema.org","@graph":[{"@type":"WebPage","@id":"https:\/\/thepeopleconsulting.com\/our-work\/achieving-ipo-readiness\/","url":"https:\/\/thepeopleconsulting.com\/our-work\/achieving-ipo-readiness\/","name":"Achieving IPO Readiness - The People Consulting","isPartOf":{"@id":"https:\/\/thepeopleconsulting.com\/#website"},"primaryImageOfPage":{"@id":"https:\/\/thepeopleconsulting.com\/our-work\/achieving-ipo-readiness\/#primaryimage"},"image":{"@id":"https:\/\/thepeopleconsulting.com\/our-work\/achieving-ipo-readiness\/#primaryimage"},"thumbnailUrl":"https:\/\/thepeopleconsulting.com\/wp-content\/uploads\/2023\/04\/miguel-bruna-DdiaNwoCK0c-unsplash-1.jpg","datePublished":"2023-02-01T10:14:00+00:00","dateModified":"2023-09-10T04:11:20+00:00","breadcrumb":{"@id":"https:\/\/thepeopleconsulting.com\/our-work\/achieving-ipo-readiness\/#breadcrumb"},"inLanguage":"de","potentialAction":[{"@type":"ReadAction","target":["https:\/\/thepeopleconsulting.com\/our-work\/achieving-ipo-readiness\/"]}]},{"@type":"ImageObject","inLanguage":"de","@id":"https:\/\/thepeopleconsulting.com\/our-work\/achieving-ipo-readiness\/#primaryimage","url":"https:\/\/thepeopleconsulting.com\/wp-content\/uploads\/2023\/04\/miguel-bruna-DdiaNwoCK0c-unsplash-1.jpg","contentUrl":"https:\/\/thepeopleconsulting.com\/wp-content\/uploads\/2023\/04\/miguel-bruna-DdiaNwoCK0c-unsplash-1.jpg"},{"@type":"BreadcrumbList","@id":"https:\/\/thepeopleconsulting.com\/our-work\/achieving-ipo-readiness\/#breadcrumb","itemListElement":[{"@type":"ListItem","position":1,"name":"Home","item":"https:\/\/thepeopleconsulting.com\/"},{"@type":"ListItem","position":2,"name":"Our Work","item":"https:\/\/thepeopleconsulting.com\/our-work\/"},{"@type":"ListItem","position":3,"name":"Achieving IPO Readiness"}]},{"@type":"WebSite","@id":"https:\/\/thepeopleconsulting.com\/#website","url":"https:\/\/thepeopleconsulting.com\/","name":"The People Consulting","description":"","potentialAction":[{"@type":"SearchAction","target":{"@type":"EntryPoint","urlTemplate":"https:\/\/thepeopleconsulting.com\/?s={search_term_string}"},"query-input":{"@type":"PropertyValueSpecification","valueRequired":true,"valueName":"search_term_string"}}],"inLanguage":"de"}]}},"_links":{"self":[{"href":"https:\/\/thepeopleconsulting.com\/de\/wp-json\/wp\/v2\/pages\/1440","targetHints":{"allow":["GET"]}}],"collection":[{"href":"https:\/\/thepeopleconsulting.com\/de\/wp-json\/wp\/v2\/pages"}],"about":[{"href":"https:\/\/thepeopleconsulting.com\/de\/wp-json\/wp\/v2\/types\/page"}],"author":[{"embeddable":true,"href":"https:\/\/thepeopleconsulting.com\/de\/wp-json\/wp\/v2\/users\/1"}],"replies":[{"embeddable":true,"href":"https:\/\/thepeopleconsulting.com\/de\/wp-json\/wp\/v2\/comments?post=1440"}],"version-history":[{"count":160,"href":"https:\/\/thepeopleconsulting.com\/de\/wp-json\/wp\/v2\/pages\/1440\/revisions"}],"predecessor-version":[{"id":5394,"href":"https:\/\/thepeopleconsulting.com\/de\/wp-json\/wp\/v2\/pages\/1440\/revisions\/5394"}],"up":[{"embeddable":true,"href":"https:\/\/thepeopleconsulting.com\/de\/wp-json\/wp\/v2\/pages\/262"}],"wp:attachment":[{"href":"https:\/\/thepeopleconsulting.com\/de\/wp-json\/wp\/v2\/media?parent=1440"}],"curies":[{"name":"wp","href":"https:\/\/api.w.org\/{rel}","templated":true}]}}