{"id":1711,"date":"2023-02-06T06:43:14","date_gmt":"2023-02-06T06:43:14","guid":{"rendered":"https:\/\/thepeopleconsulting.com\/?page_id=1711"},"modified":"2023-09-10T04:08:21","modified_gmt":"2023-09-10T04:08:21","slug":"moving-global-standardization","status":"publish","type":"page","link":"https:\/\/thepeopleconsulting.com\/de\/our-work\/moving-global-standardization\/","title":{"rendered":"Standardisierung global vorantreiben"},"content":{"rendered":"<div data-elementor-type=\"wp-page\" data-elementor-id=\"1711\" class=\"elementor elementor-1711\" data-elementor-post-type=\"page\">\n\t\t\t\t\t\t<section class=\"elementor-section elementor-top-section elementor-element elementor-element-62400d5 elementor-section-height-min-height elementor-section-boxed elementor-section-height-default elementor-section-items-middle\" data-id=\"62400d5\" data-element_type=\"section\" data-settings=\"{&quot;background_background&quot;:&quot;classic&quot;}\">\n\t\t\t\t\t\t<div class=\"elementor-container elementor-column-gap-default\">\n\t\t\t\t\t<div class=\"elementor-column elementor-col-100 elementor-top-column elementor-element elementor-element-b1b6af9\" data-id=\"b1b6af9\" data-element_type=\"column\">\n\t\t\t<div class=\"elementor-widget-wrap elementor-element-populated\">\n\t\t\t\t\t\t<div class=\"elementor-element elementor-element-7336d34 elementor-widget elementor-widget-image\" data-id=\"7336d34\" data-element_type=\"widget\" data-widget_type=\"image.default\">\n\t\t\t\t<div class=\"elementor-widget-container\">\n\t\t\t\t\t\t\t\t\t\t\t\t\t<img fetchpriority=\"high\" decoding=\"async\" width=\"768\" height=\"1152\" src=\"https:\/\/thepeopleconsulting.com\/wp-content\/uploads\/2023\/04\/scott-webb-aHhhdKUP77M-unsplash-1.jpg\" class=\"attachment-full size-full wp-image-3225\" alt=\"\" srcset=\"https:\/\/thepeopleconsulting.com\/wp-content\/uploads\/2023\/04\/scott-webb-aHhhdKUP77M-unsplash-1.jpg 768w, https:\/\/thepeopleconsulting.com\/wp-content\/uploads\/2023\/04\/scott-webb-aHhhdKUP77M-unsplash-1-200x300.jpg 200w, https:\/\/thepeopleconsulting.com\/wp-content\/uploads\/2023\/04\/scott-webb-aHhhdKUP77M-unsplash-1-683x1024.jpg 683w\" sizes=\"(max-width: 768px) 100vw, 768px\" \/>\t\t\t\t\t\t\t\t\t\t\t\t\t<\/div>\n\t\t\t\t<\/div>\n\t\t\t\t<div class=\"elementor-element elementor-element-ca365fb elementor-widget elementor-widget-text-editor\" data-id=\"ca365fb\" data-element_type=\"widget\" data-widget_type=\"text-editor.default\">\n\t\t\t\t<div class=\"elementor-widget-container\">\n\t\t\t\t\t\t\t<p>Unser Kunde wollte einen globalen Standard im gesamten Unternehmen einf\u00fchren, indem er die Arbeitsweisen international anpasst. Gemeinsam haben wir das Ziel erreicht, indem wir eine globale Strategie entwickelt, Gesch\u00e4ftsprozesse und Richtlinien erstellt und ein KPI-Framework zur Erfolgsmessung aufgesetzt haben.<\/p><p>\u00a0<\/p><p>Dieses Projekt zeigt, wie wichtig die Standardisierung f\u00fcr alle Unternehmen ist, die auf dem heutigen globalen Markt konkurrieren. Standardisierung ist die Grundlage f\u00fcr Wachstum, Digitalisierung und Gesch\u00e4ftsaktivit\u00e4ten wie Outsourcing, Franchising und Internationalisierung.<\/p>\t\t\t\t\t\t<\/div>\n\t\t\t\t<\/div>\n\t\t\t\t<div class=\"elementor-element elementor-element-6e991ba elementor-widget__width-initial elementor-widget elementor-widget-image\" data-id=\"6e991ba\" data-element_type=\"widget\" data-widget_type=\"image.default\">\n\t\t\t\t<div class=\"elementor-widget-container\">\n\t\t\t\t\t\t\t\t\t\t\t\t\t<img decoding=\"async\" width=\"768\" height=\"960\" src=\"https:\/\/thepeopleconsulting.com\/wp-content\/uploads\/2023\/04\/clay-banks-JPhVGeY4H7I-unsplash-1.jpg\" class=\"attachment-full size-full wp-image-3239\" alt=\"\" srcset=\"https:\/\/thepeopleconsulting.com\/wp-content\/uploads\/2023\/04\/clay-banks-JPhVGeY4H7I-unsplash-1.jpg 768w, https:\/\/thepeopleconsulting.com\/wp-content\/uploads\/2023\/04\/clay-banks-JPhVGeY4H7I-unsplash-1-240x300.jpg 240w\" sizes=\"(max-width: 768px) 100vw, 768px\" \/>\t\t\t\t\t\t\t\t\t\t\t\t\t<\/div>\n\t\t\t\t<\/div>\n\t\t\t\t<div class=\"elementor-element elementor-element-bcfb83c elementor-widget elementor-widget-spacer\" data-id=\"bcfb83c\" data-element_type=\"widget\" data-widget_type=\"spacer.default\">\n\t\t\t\t<div class=\"elementor-widget-container\">\n\t\t\t\t\t<div class=\"elementor-spacer\">\n\t\t\t<div class=\"elementor-spacer-inner\"><\/div>\n\t\t<\/div>\n\t\t\t\t<\/div>\n\t\t\t\t<\/div>\n\t\t\t\t<section class=\"elementor-section elementor-inner-section elementor-element elementor-element-0ef3baf elementor-section-full_width elementor-section-height-default elementor-section-height-default\" data-id=\"0ef3baf\" data-element_type=\"section\">\n\t\t\t\t\t\t<div class=\"elementor-container elementor-column-gap-default\">\n\t\t\t\t\t<div class=\"elementor-column elementor-col-33 elementor-inner-column elementor-element elementor-element-b5546ac\" data-id=\"b5546ac\" data-element_type=\"column\">\n\t\t\t<div class=\"elementor-widget-wrap elementor-element-populated\">\n\t\t\t\t\t\t<div class=\"elementor-element elementor-element-e2b06ab animate elementor-widget elementor-widget-heading\" data-id=\"e2b06ab\" data-element_type=\"widget\" data-widget_type=\"heading.default\">\n\t\t\t\t<div class=\"elementor-widget-container\">\n\t\t\t<h2 class=\"elementor-heading-title elementor-size-default\">Standardisierung<\/h2>\t\t<\/div>\n\t\t\t\t<\/div>\n\t\t\t\t\t<\/div>\n\t\t<\/div>\n\t\t\t\t<div class=\"elementor-column elementor-col-33 elementor-inner-column elementor-element elementor-element-8c8567b\" data-id=\"8c8567b\" data-element_type=\"column\">\n\t\t\t<div class=\"elementor-widget-wrap elementor-element-populated\">\n\t\t\t\t\t\t<div class=\"elementor-element elementor-element-1db832e animate elementor-widget elementor-widget-heading\" data-id=\"1db832e\" data-element_type=\"widget\" data-widget_type=\"heading.default\">\n\t\t\t\t<div class=\"elementor-widget-container\">\n\t\t\t<h2 class=\"elementor-heading-title elementor-size-default\">Qualit\u00e4t<\/h2>\t\t<\/div>\n\t\t\t\t<\/div>\n\t\t\t\t\t<\/div>\n\t\t<\/div>\n\t\t\t\t<div class=\"elementor-column elementor-col-33 elementor-inner-column elementor-element elementor-element-32d46d4\" data-id=\"32d46d4\" data-element_type=\"column\">\n\t\t\t<div class=\"elementor-widget-wrap elementor-element-populated\">\n\t\t\t\t\t\t<div class=\"elementor-element elementor-element-97d1bb7 animate elementor-widget elementor-widget-heading\" data-id=\"97d1bb7\" data-element_type=\"widget\" data-widget_type=\"heading.default\">\n\t\t\t\t<div class=\"elementor-widget-container\">\n\t\t\t<h2 class=\"elementor-heading-title elementor-size-default\">Compliance<\/h2>\t\t<\/div>\n\t\t\t\t<\/div>\n\t\t\t\t\t<\/div>\n\t\t<\/div>\n\t\t\t\t\t<\/div>\n\t\t<\/section>\n\t\t\t\t<div class=\"elementor-element elementor-element-fdb9a55 elementor-widget elementor-widget-text-editor\" data-id=\"fdb9a55\" data-element_type=\"widget\" data-widget_type=\"text-editor.default\">\n\t\t\t\t<div class=\"elementor-widget-container\">\n\t\t\t\t\t\t\t<p>\u00a0<\/p><p>Beim Management internationaler Unternehmensfunktionen sind einheitliche Standards entscheidend, um Qualit\u00e4t, Wachstum und die Einhaltung von Unternehmensrichtlinien und externen Vorschriften (bspw. Gesetzen und Regulierungen) zu gew\u00e4hrleisten. In Abstimmung mit dem Kunden haben wir eine umfassende Strategie entwickelt, um ihn bei der Erreichung seiner Ziele zu unterst\u00fctzen.<\/p><p>\u00a0<\/p><p>Um das Projekt zu starten und das Engagement des Teams sicherzustellen, wurden Vertreter\/innen aus allen L\u00e4ndern zu einem globalen Workshop eingeladen. Wir sprachen \u00fcber die wichtigsten Themen des Wandels und diskutierten die Chancen und Herausforderungen der Transformation. Danach arbeiteten wir eng mit dem internationalen Team an der Entwicklung und Umsetzung.<\/p>\t\t\t\t\t\t<\/div>\n\t\t\t\t<\/div>\n\t\t\t\t<section class=\"elementor-section elementor-inner-section elementor-element elementor-element-9e1e4e8 elementor-section-boxed elementor-section-height-default elementor-section-height-default\" data-id=\"9e1e4e8\" data-element_type=\"section\">\n\t\t\t\t\t\t<div class=\"elementor-container elementor-column-gap-default\">\n\t\t\t\t\t<div class=\"elementor-column elementor-col-100 elementor-inner-column elementor-element elementor-element-71f8747\" data-id=\"71f8747\" data-element_type=\"column\">\n\t\t\t<div class=\"elementor-widget-wrap elementor-element-populated\">\n\t\t\t\t\t\t<div class=\"elementor-element elementor-element-37d537b animate elementor-widget elementor-widget-heading\" data-id=\"37d537b\" data-element_type=\"widget\" data-widget_type=\"heading.default\">\n\t\t\t\t<div class=\"elementor-widget-container\">\n\t\t\t<h2 class=\"elementor-heading-title elementor-size-default\">Kunden Erfolge.<\/h2>\t\t<\/div>\n\t\t\t\t<\/div>\n\t\t\t\t<div class=\"elementor-element elementor-element-4a67e81 elementor-widget elementor-widget-text-editor\" data-id=\"4a67e81\" data-element_type=\"widget\" data-widget_type=\"text-editor.default\">\n\t\t\t\t<div class=\"elementor-widget-container\">\n\t\t\t\t\t\t\t<p>Wir haben globale Prozesse, Verfahren und Richtlinien entworfen, dokumentiert und angepasst. Wir haben eine globale Gesch\u00e4ftsstrategie entwickelt, neue Arbeitsstandards festgelegt und ein KPI-Framework aufgesetzt, um den Erfolg und die Einhaltung der Compliance zu gew\u00e4hrleisten. Wo es notwendig war, wurden lokale Anpassungen vorgenommen. Nach unserem Projekt war der Kunde bereit, seine neuen Strategien und Prozesse erfolgreich im gesamten Unternehmen auszurollen.<\/p>\t\t\t\t\t\t<\/div>\n\t\t\t\t<\/div>\n\t\t\t\t<div class=\"elementor-element elementor-element-10f8f31 elementor-widget elementor-widget-spacer\" data-id=\"10f8f31\" data-element_type=\"widget\" data-widget_type=\"spacer.default\">\n\t\t\t\t<div class=\"elementor-widget-container\">\n\t\t\t\t\t<div class=\"elementor-spacer\">\n\t\t\t<div class=\"elementor-spacer-inner\"><\/div>\n\t\t<\/div>\n\t\t\t\t<\/div>\n\t\t\t\t<\/div>\n\t\t\t\t<div class=\"elementor-element elementor-element-190176c elementor-align-center elementor-widget elementor-widget-button\" data-id=\"190176c\" data-element_type=\"widget\" data-widget_type=\"button.default\">\n\t\t\t\t<div class=\"elementor-widget-container\">\n\t\t\t\t\t<div class=\"elementor-button-wrapper\">\n\t\t\t<a class=\"elementor-button elementor-button-link elementor-size-sm elementor-animation-grow\" href=\"https:\/\/thepeopleconsulting.com\/de\/services\/\">\n\t\t\t\t\t\t<span class=\"elementor-button-content-wrapper\">\n\t\t\t\t\t\t\t\t\t<span class=\"elementor-button-text\">Hier entlang zu deinem Erfolg<\/span>\n\t\t\t\t\t<\/span>\n\t\t\t\t\t<\/a>\n\t\t<\/div>\n\t\t\t\t<\/div>\n\t\t\t\t<\/div>\n\t\t\t\t\t<\/div>\n\t\t<\/div>\n\t\t\t\t\t<\/div>\n\t\t<\/section>\n\t\t\t\t<div class=\"elementor-element elementor-element-86ccc37 elementor-widget elementor-widget-spacer\" data-id=\"86ccc37\" data-element_type=\"widget\" data-widget_type=\"spacer.default\">\n\t\t\t\t<div class=\"elementor-widget-container\">\n\t\t\t\t\t<div class=\"elementor-spacer\">\n\t\t\t<div class=\"elementor-spacer-inner\"><\/div>\n\t\t<\/div>\n\t\t\t\t<\/div>\n\t\t\t\t<\/div>\n\t\t\t\t<section class=\"elementor-section elementor-inner-section elementor-element elementor-element-c886761 elementor-section-boxed elementor-section-height-default elementor-section-height-default\" data-id=\"c886761\" data-element_type=\"section\">\n\t\t\t\t\t\t<div class=\"elementor-container elementor-column-gap-default\">\n\t\t\t\t\t<div class=\"elementor-column elementor-col-50 elementor-inner-column elementor-element elementor-element-da9da6a\" data-id=\"da9da6a\" data-element_type=\"column\">\n\t\t\t<div class=\"elementor-widget-wrap elementor-element-populated\">\n\t\t\t\t\t\t<div class=\"elementor-element elementor-element-59a634b elementor-align-left elementor-widget elementor-widget-button\" data-id=\"59a634b\" data-element_type=\"widget\" data-widget_type=\"button.default\">\n\t\t\t\t<div class=\"elementor-widget-container\">\n\t\t\t\t\t<div class=\"elementor-button-wrapper\">\n\t\t\t<a class=\"elementor-button elementor-button-link elementor-size-sm elementor-animation-grow\" href=\"https:\/\/thepeopleconsulting.com\/de\/our-work\/achieving-ipo-readiness\/\">\n\t\t\t\t\t\t<span class=\"elementor-button-content-wrapper\">\n\t\t\t\t\t\t<span class=\"elementor-button-icon\">\n\t\t\t\t<i aria-hidden=\"true\" class=\"fas fa-chevron-left\"><\/i>\t\t\t<\/span>\n\t\t\t\t\t\t\t\t<\/span>\n\t\t\t\t\t<\/a>\n\t\t<\/div>\n\t\t\t\t<\/div>\n\t\t\t\t<\/div>\n\t\t\t\t\t<\/div>\n\t\t<\/div>\n\t\t\t\t<div class=\"elementor-column elementor-col-50 elementor-inner-column elementor-element elementor-element-f592f86\" data-id=\"f592f86\" data-element_type=\"column\">\n\t\t\t<div class=\"elementor-widget-wrap elementor-element-populated\">\n\t\t\t\t\t\t<div class=\"elementor-element elementor-element-4aac3ec elementor-align-right elementor-widget elementor-widget-button\" data-id=\"4aac3ec\" data-element_type=\"widget\" data-widget_type=\"button.default\">\n\t\t\t\t<div class=\"elementor-widget-container\">\n\t\t\t\t\t<div class=\"elementor-button-wrapper\">\n\t\t\t<a class=\"elementor-button elementor-button-link elementor-size-sm elementor-animation-grow\" href=\"https:\/\/thepeopleconsulting.com\/de\/our-work\/scaling-through-employee-strategy\/\">\n\t\t\t\t\t\t<span class=\"elementor-button-content-wrapper\">\n\t\t\t\t\t\t<span class=\"elementor-button-icon\">\n\t\t\t\t<i aria-hidden=\"true\" class=\"fas fa-chevron-right\"><\/i>\t\t\t<\/span>\n\t\t\t\t\t\t\t\t<\/span>\n\t\t\t\t\t<\/a>\n\t\t<\/div>\n\t\t\t\t<\/div>\n\t\t\t\t<\/div>\n\t\t\t\t\t<\/div>\n\t\t<\/div>\n\t\t\t\t\t<\/div>\n\t\t<\/section>\n\t\t\t\t\t<\/div>\n\t\t<\/div>\n\t\t\t\t\t<\/div>\n\t\t<\/section>\n\t\t\t\t<\/div>\n\t\t<div class=\"shariff shariff-align-flex-start shariff-widget-align-flex-start\"><ul class=\"shariff-buttons theme-round orientation-horizontal buttonsize-medium\"><li class=\"shariff-button facebook\" style=\"background-color:#2D14A9\"><a href=\"https:\/\/www.facebook.com\/sharer\/sharer.php?u=https%3A%2F%2Fthepeopleconsulting.com%2Fde%2Four-work%2Fmoving-global-standardization%2F\" title=\"Share on Facebook\" aria-label=\"Share on Facebook\" role=\"button\" rel=\"nofollow\" class=\"shariff-link\" style=\"; background-color:#2D14A9; color:#fff\" target=\"_blank\"><span class=\"shariff-icon\" style=\"\"><svg width=\"32px\" height=\"20px\" xmlns=\"http:\/\/www.w3.org\/2000\/svg\" viewbox=\"0 0 18 32\"><path fill=\"#3b5998\" d=\"M17.1 0.2v4.7h-2.8q-1.5 0-2.1 0.6t-0.5 1.9v3.4h5.2l-0.7 5.3h-4.5v13.6h-5.5v-13.6h-4.5v-5.3h4.5v-3.9q0-3.3 1.9-5.2t5-1.8q2.6 0 4.1 0.2z\"\/><\/svg><\/span><\/a><\/li><li class=\"shariff-button linkedin\" style=\"background-color:#2D14A9\"><a href=\"https:\/\/www.linkedin.com\/sharing\/share-offsite\/?url=https%3A%2F%2Fthepeopleconsulting.com%2Fde%2Four-work%2Fmoving-global-standardization%2F\" title=\"Share on LinkedIn\" aria-label=\"Share on LinkedIn\" role=\"button\" rel=\"noopener nofollow\" class=\"shariff-link\" style=\"; background-color:#2D14A9; color:#fff\" target=\"_blank\"><span class=\"shariff-icon\" style=\"\"><svg width=\"32px\" height=\"20px\" xmlns=\"http:\/\/www.w3.org\/2000\/svg\" viewbox=\"0 0 27 32\"><path fill=\"#0077b5\" d=\"M6.2 11.2v17.7h-5.9v-17.7h5.9zM6.6 5.7q0 1.3-0.9 2.2t-2.4 0.9h0q-1.5 0-2.4-0.9t-0.9-2.2 0.9-2.2 2.4-0.9 2.4 0.9 0.9 2.2zM27.4 18.7v10.1h-5.9v-9.5q0-1.9-0.7-2.9t-2.3-1.1q-1.1 0-1.9 0.6t-1.2 1.5q-0.2 0.5-0.2 1.4v9.9h-5.9q0-7.1 0-11.6t0-5.3l0-0.9h5.9v2.6h0q0.4-0.6 0.7-1t1-0.9 1.6-0.8 2-0.3q3 0 4.9 2t1.9 6z\"\/><\/svg><\/span><\/a><\/li><li class=\"shariff-button whatsapp\" style=\"background-color:#2D14A9\"><a href=\"https:\/\/api.whatsapp.com\/send?text=https%3A%2F%2Fthepeopleconsulting.com%2Fde%2Four-work%2Fmoving-global-standardization%2F%20Moving%20Global%20Standardization\" title=\"Share on Whatsapp\" aria-label=\"Share on Whatsapp\" role=\"button\" rel=\"noopener nofollow\" class=\"shariff-link\" style=\"; background-color:#2D14A9; color:#fff\" target=\"_blank\"><span class=\"shariff-icon\" style=\"\"><svg width=\"32px\" height=\"20px\" xmlns=\"http:\/\/www.w3.org\/2000\/svg\" viewbox=\"0 0 32 32\"><path fill=\"#34af23\" d=\"M17.6 17.4q0.2 0 1.7 0.8t1.6 0.9q0 0.1 0 0.3 0 0.6-0.3 1.4-0.3 0.7-1.3 1.2t-1.8 0.5q-1 0-3.4-1.1-1.7-0.8-3-2.1t-2.6-3.3q-1.3-1.9-1.3-3.5v-0.1q0.1-1.6 1.3-2.8 0.4-0.4 0.9-0.4 0.1 0 0.3 0t0.3 0q0.3 0 0.5 0.1t0.3 0.5q0.1 0.4 0.6 1.6t0.4 1.3q0 0.4-0.6 1t-0.6 0.8q0 0.1 0.1 0.3 0.6 1.3 1.8 2.4 1 0.9 2.7 1.8 0.2 0.1 0.4 0.1 0.3 0 1-0.9t0.9-0.9zM14 26.9q2.3 0 4.3-0.9t3.6-2.4 2.4-3.6 0.9-4.3-0.9-4.3-2.4-3.6-3.6-2.4-4.3-0.9-4.3 0.9-3.6 2.4-2.4 3.6-0.9 4.3q0 3.6 2.1 6.6l-1.4 4.2 4.3-1.4q2.8 1.9 6.2 1.9zM14 2.2q2.7 0 5.2 1.1t4.3 2.9 2.9 4.3 1.1 5.2-1.1 5.2-2.9 4.3-4.3 2.9-5.2 1.1q-3.5 0-6.5-1.7l-7.4 2.4 2.4-7.2q-1.9-3.2-1.9-6.9 0-2.7 1.1-5.2t2.9-4.3 4.3-2.9 5.2-1.1z\"\/><\/svg><\/span><\/a><\/li><\/ul><\/div>","protected":false},"excerpt":{"rendered":"<p>Our client aimed to establish one global standard throughout the company by aligning the way of working internationally. We supported them in meeting their goal by designing a global strategy, streamlining business processes, and policies and establishing a KPI framework to measure success. \u00a0 This showcases the importance of standardization in global operations and for [&hellip;]<\/p>","protected":false},"author":1,"featured_media":0,"parent":262,"menu_order":0,"comment_status":"closed","ping_status":"closed","template":"","meta":{"_acf_changed":false,"footnotes":""},"class_list":["post-1711","page","type-page","status-publish","hentry"],"acf":[],"yoast_head":"<!-- This site is optimized with the Yoast SEO plugin v23.6 - https:\/\/yoast.com\/wordpress\/plugins\/seo\/ -->\n<title>Moving Global Standardization - The People Consulting<\/title>\n<meta name=\"robots\" content=\"index, follow, max-snippet:-1, max-image-preview:large, max-video-preview:-1\" \/>\n<link rel=\"canonical\" href=\"https:\/\/thepeopleconsulting.com\/de\/our-work\/moving-global-standardization\/\" \/>\n<meta property=\"og:locale\" content=\"de_DE\" \/>\n<meta property=\"og:type\" content=\"article\" \/>\n<meta property=\"og:title\" content=\"Moving Global Standardization - The People Consulting\" \/>\n<meta property=\"og:description\" content=\"Our client aimed to establish one global standard throughout the company by aligning the way of working internationally. We supported them in meeting their goal by designing a global strategy, streamlining business processes, and policies and establishing a KPI framework to measure success. \u00a0 This showcases the importance of standardization in global operations and for [&hellip;]\" \/>\n<meta property=\"og:url\" content=\"https:\/\/thepeopleconsulting.com\/de\/our-work\/moving-global-standardization\/\" \/>\n<meta property=\"og:site_name\" content=\"The People Consulting\" \/>\n<meta property=\"article:modified_time\" content=\"2023-09-10T04:08:21+00:00\" \/>\n<meta property=\"og:image\" content=\"https:\/\/thepeopleconsulting.com\/wp-content\/uploads\/2023\/04\/scott-webb-aHhhdKUP77M-unsplash-1.jpg\" \/>\n<meta name=\"twitter:card\" content=\"summary_large_image\" \/>\n<meta name=\"twitter:label1\" content=\"Gesch\u00e4tzte Lesezeit\" \/>\n\t<meta name=\"twitter:data1\" content=\"2\u00a0Minuten\" \/>\n<script type=\"application\/ld+json\" class=\"yoast-schema-graph\">{\"@context\":\"https:\/\/schema.org\",\"@graph\":[{\"@type\":\"WebPage\",\"@id\":\"https:\/\/thepeopleconsulting.com\/our-work\/moving-global-standardization\/\",\"url\":\"https:\/\/thepeopleconsulting.com\/our-work\/moving-global-standardization\/\",\"name\":\"Moving Global Standardization - The People Consulting\",\"isPartOf\":{\"@id\":\"https:\/\/thepeopleconsulting.com\/#website\"},\"primaryImageOfPage\":{\"@id\":\"https:\/\/thepeopleconsulting.com\/our-work\/moving-global-standardization\/#primaryimage\"},\"image\":{\"@id\":\"https:\/\/thepeopleconsulting.com\/our-work\/moving-global-standardization\/#primaryimage\"},\"thumbnailUrl\":\"https:\/\/thepeopleconsulting.com\/wp-content\/uploads\/2023\/04\/scott-webb-aHhhdKUP77M-unsplash-1.jpg\",\"datePublished\":\"2023-02-06T06:43:14+00:00\",\"dateModified\":\"2023-09-10T04:08:21+00:00\",\"breadcrumb\":{\"@id\":\"https:\/\/thepeopleconsulting.com\/our-work\/moving-global-standardization\/#breadcrumb\"},\"inLanguage\":\"de\",\"potentialAction\":[{\"@type\":\"ReadAction\",\"target\":[\"https:\/\/thepeopleconsulting.com\/our-work\/moving-global-standardization\/\"]}]},{\"@type\":\"ImageObject\",\"inLanguage\":\"de\",\"@id\":\"https:\/\/thepeopleconsulting.com\/our-work\/moving-global-standardization\/#primaryimage\",\"url\":\"https:\/\/thepeopleconsulting.com\/wp-content\/uploads\/2023\/04\/scott-webb-aHhhdKUP77M-unsplash-1.jpg\",\"contentUrl\":\"https:\/\/thepeopleconsulting.com\/wp-content\/uploads\/2023\/04\/scott-webb-aHhhdKUP77M-unsplash-1.jpg\"},{\"@type\":\"BreadcrumbList\",\"@id\":\"https:\/\/thepeopleconsulting.com\/our-work\/moving-global-standardization\/#breadcrumb\",\"itemListElement\":[{\"@type\":\"ListItem\",\"position\":1,\"name\":\"Home\",\"item\":\"https:\/\/thepeopleconsulting.com\/\"},{\"@type\":\"ListItem\",\"position\":2,\"name\":\"Our Work\",\"item\":\"https:\/\/thepeopleconsulting.com\/our-work\/\"},{\"@type\":\"ListItem\",\"position\":3,\"name\":\"Moving Global Standardization\"}]},{\"@type\":\"WebSite\",\"@id\":\"https:\/\/thepeopleconsulting.com\/#website\",\"url\":\"https:\/\/thepeopleconsulting.com\/\",\"name\":\"The People Consulting\",\"description\":\"\",\"potentialAction\":[{\"@type\":\"SearchAction\",\"target\":{\"@type\":\"EntryPoint\",\"urlTemplate\":\"https:\/\/thepeopleconsulting.com\/?s={search_term_string}\"},\"query-input\":{\"@type\":\"PropertyValueSpecification\",\"valueRequired\":true,\"valueName\":\"search_term_string\"}}],\"inLanguage\":\"de\"}]}<\/script>\n<!-- \/ Yoast SEO plugin. -->","yoast_head_json":{"title":"Moving Global Standardization - The People Consulting","robots":{"index":"index","follow":"follow","max-snippet":"max-snippet:-1","max-image-preview":"max-image-preview:large","max-video-preview":"max-video-preview:-1"},"canonical":"https:\/\/thepeopleconsulting.com\/de\/our-work\/moving-global-standardization\/","og_locale":"de_DE","og_type":"article","og_title":"Moving Global Standardization - The People Consulting","og_description":"Our client aimed to establish one global standard throughout the company by aligning the way of working internationally. We supported them in meeting their goal by designing a global strategy, streamlining business processes, and policies and establishing a KPI framework to measure success. \u00a0 This showcases the importance of standardization in global operations and for [&hellip;]","og_url":"https:\/\/thepeopleconsulting.com\/de\/our-work\/moving-global-standardization\/","og_site_name":"The People Consulting","article_modified_time":"2023-09-10T04:08:21+00:00","og_image":[{"url":"https:\/\/thepeopleconsulting.com\/wp-content\/uploads\/2023\/04\/scott-webb-aHhhdKUP77M-unsplash-1.jpg"}],"twitter_card":"summary_large_image","twitter_misc":{"Gesch\u00e4tzte Lesezeit":"2\u00a0Minuten"},"schema":{"@context":"https:\/\/schema.org","@graph":[{"@type":"WebPage","@id":"https:\/\/thepeopleconsulting.com\/our-work\/moving-global-standardization\/","url":"https:\/\/thepeopleconsulting.com\/our-work\/moving-global-standardization\/","name":"Moving Global Standardization - The People Consulting","isPartOf":{"@id":"https:\/\/thepeopleconsulting.com\/#website"},"primaryImageOfPage":{"@id":"https:\/\/thepeopleconsulting.com\/our-work\/moving-global-standardization\/#primaryimage"},"image":{"@id":"https:\/\/thepeopleconsulting.com\/our-work\/moving-global-standardization\/#primaryimage"},"thumbnailUrl":"https:\/\/thepeopleconsulting.com\/wp-content\/uploads\/2023\/04\/scott-webb-aHhhdKUP77M-unsplash-1.jpg","datePublished":"2023-02-06T06:43:14+00:00","dateModified":"2023-09-10T04:08:21+00:00","breadcrumb":{"@id":"https:\/\/thepeopleconsulting.com\/our-work\/moving-global-standardization\/#breadcrumb"},"inLanguage":"de","potentialAction":[{"@type":"ReadAction","target":["https:\/\/thepeopleconsulting.com\/our-work\/moving-global-standardization\/"]}]},{"@type":"ImageObject","inLanguage":"de","@id":"https:\/\/thepeopleconsulting.com\/our-work\/moving-global-standardization\/#primaryimage","url":"https:\/\/thepeopleconsulting.com\/wp-content\/uploads\/2023\/04\/scott-webb-aHhhdKUP77M-unsplash-1.jpg","contentUrl":"https:\/\/thepeopleconsulting.com\/wp-content\/uploads\/2023\/04\/scott-webb-aHhhdKUP77M-unsplash-1.jpg"},{"@type":"BreadcrumbList","@id":"https:\/\/thepeopleconsulting.com\/our-work\/moving-global-standardization\/#breadcrumb","itemListElement":[{"@type":"ListItem","position":1,"name":"Home","item":"https:\/\/thepeopleconsulting.com\/"},{"@type":"ListItem","position":2,"name":"Our Work","item":"https:\/\/thepeopleconsulting.com\/our-work\/"},{"@type":"ListItem","position":3,"name":"Moving Global Standardization"}]},{"@type":"WebSite","@id":"https:\/\/thepeopleconsulting.com\/#website","url":"https:\/\/thepeopleconsulting.com\/","name":"The People Consulting","description":"","potentialAction":[{"@type":"SearchAction","target":{"@type":"EntryPoint","urlTemplate":"https:\/\/thepeopleconsulting.com\/?s={search_term_string}"},"query-input":{"@type":"PropertyValueSpecification","valueRequired":true,"valueName":"search_term_string"}}],"inLanguage":"de"}]}},"_links":{"self":[{"href":"https:\/\/thepeopleconsulting.com\/de\/wp-json\/wp\/v2\/pages\/1711","targetHints":{"allow":["GET"]}}],"collection":[{"href":"https:\/\/thepeopleconsulting.com\/de\/wp-json\/wp\/v2\/pages"}],"about":[{"href":"https:\/\/thepeopleconsulting.com\/de\/wp-json\/wp\/v2\/types\/page"}],"author":[{"embeddable":true,"href":"https:\/\/thepeopleconsulting.com\/de\/wp-json\/wp\/v2\/users\/1"}],"replies":[{"embeddable":true,"href":"https:\/\/thepeopleconsulting.com\/de\/wp-json\/wp\/v2\/comments?post=1711"}],"version-history":[{"count":166,"href":"https:\/\/thepeopleconsulting.com\/de\/wp-json\/wp\/v2\/pages\/1711\/revisions"}],"predecessor-version":[{"id":5390,"href":"https:\/\/thepeopleconsulting.com\/de\/wp-json\/wp\/v2\/pages\/1711\/revisions\/5390"}],"up":[{"embeddable":true,"href":"https:\/\/thepeopleconsulting.com\/de\/wp-json\/wp\/v2\/pages\/262"}],"wp:attachment":[{"href":"https:\/\/thepeopleconsulting.com\/de\/wp-json\/wp\/v2\/media?parent=1711"}],"curies":[{"name":"wp","href":"https:\/\/api.w.org\/{rel}","templated":true}]}}