{"id":3863,"date":"2023-06-01T10:42:10","date_gmt":"2023-06-01T10:42:10","guid":{"rendered":"https:\/\/thepeopleconsulting.com\/?page_id=3863"},"modified":"2023-09-22T03:51:20","modified_gmt":"2023-09-22T03:51:20","slug":"this-could-be-your-project","status":"publish","type":"page","link":"https:\/\/thepeopleconsulting.com\/de\/our-work\/this-could-be-your-project\/","title":{"rendered":"Das kann dein Projekt sein."},"content":{"rendered":"<div data-elementor-type=\"wp-page\" data-elementor-id=\"3863\" class=\"elementor elementor-3863\" data-elementor-post-type=\"page\">\n\t\t\t\t\t\t<section class=\"elementor-section elementor-top-section elementor-element elementor-element-f366ce5 elementor-section-height-min-height elementor-section-boxed elementor-section-height-default elementor-section-items-middle\" data-id=\"f366ce5\" data-element_type=\"section\" data-settings=\"{&quot;background_background&quot;:&quot;classic&quot;}\">\n\t\t\t\t\t\t<div class=\"elementor-container elementor-column-gap-default\">\n\t\t\t\t\t<div class=\"elementor-column elementor-col-100 elementor-top-column elementor-element elementor-element-63b42e8\" data-id=\"63b42e8\" data-element_type=\"column\">\n\t\t\t<div class=\"elementor-widget-wrap elementor-element-populated\">\n\t\t\t\t\t\t<div class=\"elementor-element elementor-element-bd23cea elementor-widget elementor-widget-image\" data-id=\"bd23cea\" data-element_type=\"widget\" data-widget_type=\"image.default\">\n\t\t\t\t<div class=\"elementor-widget-container\">\n\t\t\t\t\t\t\t\t\t\t\t\t\t<img fetchpriority=\"high\" decoding=\"async\" width=\"1928\" height=\"2560\" src=\"https:\/\/thepeopleconsulting.com\/wp-content\/uploads\/2023\/05\/pexels-pixabay-316149-scaled.jpg\" class=\"attachment-full size-full wp-image-3303\" alt=\"\" srcset=\"https:\/\/thepeopleconsulting.com\/wp-content\/uploads\/2023\/05\/pexels-pixabay-316149-scaled.jpg 1928w, https:\/\/thepeopleconsulting.com\/wp-content\/uploads\/2023\/05\/pexels-pixabay-316149-226x300.jpg 226w, https:\/\/thepeopleconsulting.com\/wp-content\/uploads\/2023\/05\/pexels-pixabay-316149-771x1024.jpg 771w, https:\/\/thepeopleconsulting.com\/wp-content\/uploads\/2023\/05\/pexels-pixabay-316149-768x1020.jpg 768w, https:\/\/thepeopleconsulting.com\/wp-content\/uploads\/2023\/05\/pexels-pixabay-316149-1157x1536.jpg 1157w, https:\/\/thepeopleconsulting.com\/wp-content\/uploads\/2023\/05\/pexels-pixabay-316149-1543x2048.jpg 1543w\" sizes=\"(max-width: 1928px) 100vw, 1928px\" \/>\t\t\t\t\t\t\t\t\t\t\t\t\t<\/div>\n\t\t\t\t<\/div>\n\t\t\t\t<div class=\"elementor-element elementor-element-97b1e14 elementor-widget elementor-widget-text-editor\" data-id=\"97b1e14\" data-element_type=\"widget\" data-widget_type=\"text-editor.default\">\n\t\t\t\t<div class=\"elementor-widget-container\">\n\t\t\t\t\t\t\t<div>Wir sind bereit f\u00fcr die n\u00e4chste gro\u00dfe Transformation mit dir! Erz\u00e4hle uns, wo dein Unternehmen steht, was deine Ziele sind, und gemeinsam bringen wir dein Projekt auf Erfolgskurs.<\/div><div>\u00a0<\/div><div>Was ist der n\u00e4chste gro\u00dfe Schritt f\u00fcr dein Unternehmen?<\/div><div>\u00a0<\/div><div>Wie sprichst du Top-Talente an und bindest sie langfristig an dein Unternehmen?<\/div><div>\u00a0<\/div><div>Welche Richtung schl\u00e4gst du ein, w\u00e4hrend die Wirtschaft weltweit im Wandel ist?<\/div><div>\u00a0<\/div><div>Gemeinsam werden wir vielen weiteren Fragen auf den Grund gehen, um deine Vision, Unternehmensstrategie und Handlungen in eine Richtung zu lenken.<\/div>\t\t\t\t\t\t<\/div>\n\t\t\t\t<\/div>\n\t\t\t\t<section class=\"elementor-section elementor-inner-section elementor-element elementor-element-98bd2f4 elementor-section-full_width elementor-section-height-default elementor-section-height-default\" data-id=\"98bd2f4\" data-element_type=\"section\">\n\t\t\t\t\t\t<div class=\"elementor-container elementor-column-gap-default\">\n\t\t\t\t\t<div class=\"elementor-column elementor-col-33 elementor-inner-column elementor-element elementor-element-8f466da\" data-id=\"8f466da\" data-element_type=\"column\">\n\t\t\t<div class=\"elementor-widget-wrap elementor-element-populated\">\n\t\t\t\t\t\t<div class=\"elementor-element elementor-element-5db6bc9 animate elementor-widget elementor-widget-heading\" data-id=\"5db6bc9\" data-element_type=\"widget\" data-widget_type=\"heading.default\">\n\t\t\t\t<div class=\"elementor-widget-container\">\n\t\t\t<h2 class=\"elementor-heading-title elementor-size-default\">Integrit\u00e4t<\/h2>\t\t<\/div>\n\t\t\t\t<\/div>\n\t\t\t\t\t<\/div>\n\t\t<\/div>\n\t\t\t\t<div class=\"elementor-column elementor-col-33 elementor-inner-column elementor-element elementor-element-69eb2b7\" data-id=\"69eb2b7\" data-element_type=\"column\">\n\t\t\t<div class=\"elementor-widget-wrap elementor-element-populated\">\n\t\t\t\t\t\t<div class=\"elementor-element elementor-element-e8c37bb animate elementor-widget elementor-widget-heading\" data-id=\"e8c37bb\" data-element_type=\"widget\" data-widget_type=\"heading.default\">\n\t\t\t\t<div class=\"elementor-widget-container\">\n\t\t\t<h2 class=\"elementor-heading-title elementor-size-default\">Mut<\/h2>\t\t<\/div>\n\t\t\t\t<\/div>\n\t\t\t\t\t<\/div>\n\t\t<\/div>\n\t\t\t\t<div class=\"elementor-column elementor-col-33 elementor-inner-column elementor-element elementor-element-8e8d821\" data-id=\"8e8d821\" data-element_type=\"column\">\n\t\t\t<div class=\"elementor-widget-wrap elementor-element-populated\">\n\t\t\t\t\t\t<div class=\"elementor-element elementor-element-4857365 animate elementor-widget elementor-widget-heading\" data-id=\"4857365\" data-element_type=\"widget\" data-widget_type=\"heading.default\">\n\t\t\t\t<div class=\"elementor-widget-container\">\n\t\t\t<h2 class=\"elementor-heading-title elementor-size-default\">Perspektive<\/h2>\t\t<\/div>\n\t\t\t\t<\/div>\n\t\t\t\t\t<\/div>\n\t\t<\/div>\n\t\t\t\t\t<\/div>\n\t\t<\/section>\n\t\t\t\t<div class=\"elementor-element elementor-element-c1c629f elementor-widget__width-initial elementor-widget elementor-widget-spacer\" data-id=\"c1c629f\" data-element_type=\"widget\" data-widget_type=\"spacer.default\">\n\t\t\t\t<div class=\"elementor-widget-container\">\n\t\t\t\t\t<div class=\"elementor-spacer\">\n\t\t\t<div class=\"elementor-spacer-inner\"><\/div>\n\t\t<\/div>\n\t\t\t\t<\/div>\n\t\t\t\t<\/div>\n\t\t\t\t<section class=\"elementor-section elementor-inner-section elementor-element elementor-element-e1315db elementor-section-boxed elementor-section-height-default elementor-section-height-default\" data-id=\"e1315db\" data-element_type=\"section\">\n\t\t\t\t\t\t<div class=\"elementor-container elementor-column-gap-default\">\n\t\t\t\t\t<div class=\"elementor-column elementor-col-100 elementor-inner-column elementor-element elementor-element-02bd080\" data-id=\"02bd080\" data-element_type=\"column\">\n\t\t\t<div class=\"elementor-widget-wrap elementor-element-populated\">\n\t\t\t\t\t\t<div class=\"elementor-element elementor-element-409f154 animate elementor-widget elementor-widget-heading\" data-id=\"409f154\" data-element_type=\"widget\" data-widget_type=\"heading.default\">\n\t\t\t\t<div class=\"elementor-widget-container\">\n\t\t\t<h2 class=\"elementor-heading-title elementor-size-default\">Kunden Erfolge.<\/h2>\t\t<\/div>\n\t\t\t\t<\/div>\n\t\t\t\t<div class=\"elementor-element elementor-element-7ee5627 elementor-widget elementor-widget-text-editor\" data-id=\"7ee5627\" data-element_type=\"widget\" data-widget_type=\"text-editor.default\">\n\t\t\t\t<div class=\"elementor-widget-container\">\n\t\t\t\t\t\t\t<p>Lass und deine Geschichte gemeinsam schreiben und ein neues Wachstumslevel in deinem Unternehmen erreichen. <\/p>\t\t\t\t\t\t<\/div>\n\t\t\t\t<\/div>\n\t\t\t\t<div class=\"elementor-element elementor-element-ba7c3e4 elementor-widget elementor-widget-spacer\" data-id=\"ba7c3e4\" data-element_type=\"widget\" data-widget_type=\"spacer.default\">\n\t\t\t\t<div class=\"elementor-widget-container\">\n\t\t\t\t\t<div class=\"elementor-spacer\">\n\t\t\t<div class=\"elementor-spacer-inner\"><\/div>\n\t\t<\/div>\n\t\t\t\t<\/div>\n\t\t\t\t<\/div>\n\t\t\t\t<div class=\"elementor-element elementor-element-33406c1 elementor-align-center elementor-widget elementor-widget-button\" data-id=\"33406c1\" data-element_type=\"widget\" data-widget_type=\"button.default\">\n\t\t\t\t<div class=\"elementor-widget-container\">\n\t\t\t\t\t<div class=\"elementor-button-wrapper\">\n\t\t\t<a class=\"elementor-button elementor-button-link elementor-size-sm elementor-animation-grow\" href=\"https:\/\/thepeopleconsulting.com\/de\/services\/\">\n\t\t\t\t\t\t<span class=\"elementor-button-content-wrapper\">\n\t\t\t\t\t\t\t\t\t<span class=\"elementor-button-text\">Hier entlang zu deinem Erfolg<\/span>\n\t\t\t\t\t<\/span>\n\t\t\t\t\t<\/a>\n\t\t<\/div>\n\t\t\t\t<\/div>\n\t\t\t\t<\/div>\n\t\t\t\t<div class=\"elementor-element elementor-element-aed4af8 elementor-widget elementor-widget-spacer\" data-id=\"aed4af8\" data-element_type=\"widget\" data-widget_type=\"spacer.default\">\n\t\t\t\t<div class=\"elementor-widget-container\">\n\t\t\t\t\t<div class=\"elementor-spacer\">\n\t\t\t<div class=\"elementor-spacer-inner\"><\/div>\n\t\t<\/div>\n\t\t\t\t<\/div>\n\t\t\t\t<\/div>\n\t\t\t\t\t<\/div>\n\t\t<\/div>\n\t\t\t\t\t<\/div>\n\t\t<\/section>\n\t\t\t\t<section class=\"elementor-section elementor-inner-section elementor-element elementor-element-e03a5ba elementor-section-boxed elementor-section-height-default elementor-section-height-default\" data-id=\"e03a5ba\" data-element_type=\"section\">\n\t\t\t\t\t\t<div class=\"elementor-container elementor-column-gap-default\">\n\t\t\t\t\t<div class=\"elementor-column elementor-col-50 elementor-inner-column elementor-element elementor-element-5aa678b\" data-id=\"5aa678b\" data-element_type=\"column\">\n\t\t\t<div class=\"elementor-widget-wrap elementor-element-populated\">\n\t\t\t\t\t\t<div class=\"elementor-element elementor-element-05757f2 elementor-align-left elementor-widget elementor-widget-button\" data-id=\"05757f2\" data-element_type=\"widget\" data-widget_type=\"button.default\">\n\t\t\t\t<div class=\"elementor-widget-container\">\n\t\t\t\t\t<div class=\"elementor-button-wrapper\">\n\t\t\t<a class=\"elementor-button elementor-button-link elementor-size-sm elementor-animation-grow\" href=\"https:\/\/thepeopleconsulting.com\/de\/our-work\/creating-a-new-brand-identity\/\">\n\t\t\t\t\t\t<span class=\"elementor-button-content-wrapper\">\n\t\t\t\t\t\t<span class=\"elementor-button-icon\">\n\t\t\t\t<i aria-hidden=\"true\" class=\"fas fa-chevron-left\"><\/i>\t\t\t<\/span>\n\t\t\t\t\t\t\t\t<\/span>\n\t\t\t\t\t<\/a>\n\t\t<\/div>\n\t\t\t\t<\/div>\n\t\t\t\t<\/div>\n\t\t\t\t\t<\/div>\n\t\t<\/div>\n\t\t\t\t<div class=\"elementor-column elementor-col-50 elementor-inner-column elementor-element elementor-element-4aa6682\" data-id=\"4aa6682\" data-element_type=\"column\">\n\t\t\t<div class=\"elementor-widget-wrap\">\n\t\t\t\t\t\t\t<\/div>\n\t\t<\/div>\n\t\t\t\t\t<\/div>\n\t\t<\/section>\n\t\t\t\t\t<\/div>\n\t\t<\/div>\n\t\t\t\t\t<\/div>\n\t\t<\/section>\n\t\t\t\t<\/div>\n\t\t<div class=\"shariff shariff-align-flex-start shariff-widget-align-flex-start\"><ul class=\"shariff-buttons theme-round orientation-horizontal buttonsize-medium\"><li class=\"shariff-button facebook\" style=\"background-color:#2D14A9\"><a href=\"https:\/\/www.facebook.com\/sharer\/sharer.php?u=https%3A%2F%2Fthepeopleconsulting.com%2Fde%2Four-work%2Fthis-could-be-your-project%2F\" title=\"Share on Facebook\" aria-label=\"Share on Facebook\" role=\"button\" rel=\"nofollow\" class=\"shariff-link\" style=\"; background-color:#2D14A9; color:#fff\" target=\"_blank\"><span class=\"shariff-icon\" style=\"\"><svg width=\"32px\" height=\"20px\" xmlns=\"http:\/\/www.w3.org\/2000\/svg\" viewbox=\"0 0 18 32\"><path fill=\"#3b5998\" d=\"M17.1 0.2v4.7h-2.8q-1.5 0-2.1 0.6t-0.5 1.9v3.4h5.2l-0.7 5.3h-4.5v13.6h-5.5v-13.6h-4.5v-5.3h4.5v-3.9q0-3.3 1.9-5.2t5-1.8q2.6 0 4.1 0.2z\"\/><\/svg><\/span><\/a><\/li><li class=\"shariff-button linkedin\" style=\"background-color:#2D14A9\"><a href=\"https:\/\/www.linkedin.com\/sharing\/share-offsite\/?url=https%3A%2F%2Fthepeopleconsulting.com%2Fde%2Four-work%2Fthis-could-be-your-project%2F\" title=\"Share on LinkedIn\" aria-label=\"Share on LinkedIn\" role=\"button\" rel=\"noopener nofollow\" class=\"shariff-link\" style=\"; background-color:#2D14A9; color:#fff\" target=\"_blank\"><span class=\"shariff-icon\" style=\"\"><svg width=\"32px\" height=\"20px\" xmlns=\"http:\/\/www.w3.org\/2000\/svg\" viewbox=\"0 0 27 32\"><path fill=\"#0077b5\" d=\"M6.2 11.2v17.7h-5.9v-17.7h5.9zM6.6 5.7q0 1.3-0.9 2.2t-2.4 0.9h0q-1.5 0-2.4-0.9t-0.9-2.2 0.9-2.2 2.4-0.9 2.4 0.9 0.9 2.2zM27.4 18.7v10.1h-5.9v-9.5q0-1.9-0.7-2.9t-2.3-1.1q-1.1 0-1.9 0.6t-1.2 1.5q-0.2 0.5-0.2 1.4v9.9h-5.9q0-7.1 0-11.6t0-5.3l0-0.9h5.9v2.6h0q0.4-0.6 0.7-1t1-0.9 1.6-0.8 2-0.3q3 0 4.9 2t1.9 6z\"\/><\/svg><\/span><\/a><\/li><li class=\"shariff-button whatsapp\" style=\"background-color:#2D14A9\"><a href=\"https:\/\/api.whatsapp.com\/send?text=https%3A%2F%2Fthepeopleconsulting.com%2Fde%2Four-work%2Fthis-could-be-your-project%2F%20This%20could%20be%20your%20project.\" title=\"Share on Whatsapp\" aria-label=\"Share on Whatsapp\" role=\"button\" rel=\"noopener nofollow\" class=\"shariff-link\" style=\"; background-color:#2D14A9; color:#fff\" target=\"_blank\"><span class=\"shariff-icon\" style=\"\"><svg width=\"32px\" height=\"20px\" xmlns=\"http:\/\/www.w3.org\/2000\/svg\" viewbox=\"0 0 32 32\"><path fill=\"#34af23\" d=\"M17.6 17.4q0.2 0 1.7 0.8t1.6 0.9q0 0.1 0 0.3 0 0.6-0.3 1.4-0.3 0.7-1.3 1.2t-1.8 0.5q-1 0-3.4-1.1-1.7-0.8-3-2.1t-2.6-3.3q-1.3-1.9-1.3-3.5v-0.1q0.1-1.6 1.3-2.8 0.4-0.4 0.9-0.4 0.1 0 0.3 0t0.3 0q0.3 0 0.5 0.1t0.3 0.5q0.1 0.4 0.6 1.6t0.4 1.3q0 0.4-0.6 1t-0.6 0.8q0 0.1 0.1 0.3 0.6 1.3 1.8 2.4 1 0.9 2.7 1.8 0.2 0.1 0.4 0.1 0.3 0 1-0.9t0.9-0.9zM14 26.9q2.3 0 4.3-0.9t3.6-2.4 2.4-3.6 0.9-4.3-0.9-4.3-2.4-3.6-3.6-2.4-4.3-0.9-4.3 0.9-3.6 2.4-2.4 3.6-0.9 4.3q0 3.6 2.1 6.6l-1.4 4.2 4.3-1.4q2.8 1.9 6.2 1.9zM14 2.2q2.7 0 5.2 1.1t4.3 2.9 2.9 4.3 1.1 5.2-1.1 5.2-2.9 4.3-4.3 2.9-5.2 1.1q-3.5 0-6.5-1.7l-7.4 2.4 2.4-7.2q-1.9-3.2-1.9-6.9 0-2.7 1.1-5.2t2.9-4.3 4.3-2.9 5.2-1.1z\"\/><\/svg><\/span><\/a><\/li><\/ul><\/div>","protected":false},"excerpt":{"rendered":"<p>We are ready for the next big transformation with you! Tell us where you are standing, and what you are aiming for. Together we will set up your project for success.\u00a0What is your next big step?\u00a0How do you attract and retain top talent?\u00a0Where are you heading in a world of change?\u00a0Together we will tackle many [&hellip;]<\/p>","protected":false},"author":1,"featured_media":0,"parent":262,"menu_order":0,"comment_status":"closed","ping_status":"closed","template":"","meta":{"_acf_changed":false,"footnotes":""},"class_list":["post-3863","page","type-page","status-publish","hentry"],"acf":[],"yoast_head":"<!-- This site is optimized with the Yoast SEO plugin v23.6 - https:\/\/yoast.com\/wordpress\/plugins\/seo\/ -->\n<title>This could be your project. - The People Consulting<\/title>\n<meta name=\"robots\" content=\"index, follow, max-snippet:-1, max-image-preview:large, max-video-preview:-1\" \/>\n<link rel=\"canonical\" href=\"https:\/\/thepeopleconsulting.com\/de\/our-work\/this-could-be-your-project\/\" \/>\n<meta property=\"og:locale\" content=\"de_DE\" \/>\n<meta property=\"og:type\" content=\"article\" \/>\n<meta property=\"og:title\" content=\"This could be your project. - The People Consulting\" \/>\n<meta property=\"og:description\" content=\"We are ready for the next big transformation with you! Tell us where you are standing, and what you are aiming for. Together we will set up your project for success.\u00a0What is your next big step?\u00a0How do you attract and retain top talent?\u00a0Where are you heading in a world of change?\u00a0Together we will tackle many [&hellip;]\" \/>\n<meta property=\"og:url\" content=\"https:\/\/thepeopleconsulting.com\/de\/our-work\/this-could-be-your-project\/\" \/>\n<meta property=\"og:site_name\" content=\"The People Consulting\" \/>\n<meta property=\"article:modified_time\" content=\"2023-09-22T03:51:20+00:00\" \/>\n<meta property=\"og:image\" content=\"https:\/\/thepeopleconsulting.com\/wp-content\/uploads\/2023\/05\/pexels-pixabay-316149-scaled.jpg\" \/>\n<meta name=\"twitter:card\" content=\"summary_large_image\" \/>\n<meta name=\"twitter:label1\" content=\"Gesch\u00e4tzte Lesezeit\" \/>\n\t<meta name=\"twitter:data1\" content=\"1\u00a0Minute\" \/>\n<script type=\"application\/ld+json\" class=\"yoast-schema-graph\">{\"@context\":\"https:\/\/schema.org\",\"@graph\":[{\"@type\":\"WebPage\",\"@id\":\"https:\/\/thepeopleconsulting.com\/our-work\/this-could-be-your-project\/\",\"url\":\"https:\/\/thepeopleconsulting.com\/our-work\/this-could-be-your-project\/\",\"name\":\"This could be your project. - The People Consulting\",\"isPartOf\":{\"@id\":\"https:\/\/thepeopleconsulting.com\/#website\"},\"primaryImageOfPage\":{\"@id\":\"https:\/\/thepeopleconsulting.com\/our-work\/this-could-be-your-project\/#primaryimage\"},\"image\":{\"@id\":\"https:\/\/thepeopleconsulting.com\/our-work\/this-could-be-your-project\/#primaryimage\"},\"thumbnailUrl\":\"https:\/\/thepeopleconsulting.com\/wp-content\/uploads\/2023\/05\/pexels-pixabay-316149-scaled.jpg\",\"datePublished\":\"2023-06-01T10:42:10+00:00\",\"dateModified\":\"2023-09-22T03:51:20+00:00\",\"breadcrumb\":{\"@id\":\"https:\/\/thepeopleconsulting.com\/our-work\/this-could-be-your-project\/#breadcrumb\"},\"inLanguage\":\"de\",\"potentialAction\":[{\"@type\":\"ReadAction\",\"target\":[\"https:\/\/thepeopleconsulting.com\/our-work\/this-could-be-your-project\/\"]}]},{\"@type\":\"ImageObject\",\"inLanguage\":\"de\",\"@id\":\"https:\/\/thepeopleconsulting.com\/our-work\/this-could-be-your-project\/#primaryimage\",\"url\":\"https:\/\/thepeopleconsulting.com\/wp-content\/uploads\/2023\/05\/pexels-pixabay-316149-scaled.jpg\",\"contentUrl\":\"https:\/\/thepeopleconsulting.com\/wp-content\/uploads\/2023\/05\/pexels-pixabay-316149-scaled.jpg\"},{\"@type\":\"BreadcrumbList\",\"@id\":\"https:\/\/thepeopleconsulting.com\/our-work\/this-could-be-your-project\/#breadcrumb\",\"itemListElement\":[{\"@type\":\"ListItem\",\"position\":1,\"name\":\"Home\",\"item\":\"https:\/\/thepeopleconsulting.com\/\"},{\"@type\":\"ListItem\",\"position\":2,\"name\":\"Our Work\",\"item\":\"https:\/\/thepeopleconsulting.com\/our-work\/\"},{\"@type\":\"ListItem\",\"position\":3,\"name\":\"This could be your project.\"}]},{\"@type\":\"WebSite\",\"@id\":\"https:\/\/thepeopleconsulting.com\/#website\",\"url\":\"https:\/\/thepeopleconsulting.com\/\",\"name\":\"The People Consulting\",\"description\":\"\",\"potentialAction\":[{\"@type\":\"SearchAction\",\"target\":{\"@type\":\"EntryPoint\",\"urlTemplate\":\"https:\/\/thepeopleconsulting.com\/?s={search_term_string}\"},\"query-input\":{\"@type\":\"PropertyValueSpecification\",\"valueRequired\":true,\"valueName\":\"search_term_string\"}}],\"inLanguage\":\"de\"}]}<\/script>\n<!-- \/ Yoast SEO plugin. -->","yoast_head_json":{"title":"This could be your project. - The People Consulting","robots":{"index":"index","follow":"follow","max-snippet":"max-snippet:-1","max-image-preview":"max-image-preview:large","max-video-preview":"max-video-preview:-1"},"canonical":"https:\/\/thepeopleconsulting.com\/de\/our-work\/this-could-be-your-project\/","og_locale":"de_DE","og_type":"article","og_title":"This could be your project. - The People Consulting","og_description":"We are ready for the next big transformation with you! Tell us where you are standing, and what you are aiming for. Together we will set up your project for success.\u00a0What is your next big step?\u00a0How do you attract and retain top talent?\u00a0Where are you heading in a world of change?\u00a0Together we will tackle many [&hellip;]","og_url":"https:\/\/thepeopleconsulting.com\/de\/our-work\/this-could-be-your-project\/","og_site_name":"The People Consulting","article_modified_time":"2023-09-22T03:51:20+00:00","og_image":[{"url":"https:\/\/thepeopleconsulting.com\/wp-content\/uploads\/2023\/05\/pexels-pixabay-316149-scaled.jpg"}],"twitter_card":"summary_large_image","twitter_misc":{"Gesch\u00e4tzte Lesezeit":"1\u00a0Minute"},"schema":{"@context":"https:\/\/schema.org","@graph":[{"@type":"WebPage","@id":"https:\/\/thepeopleconsulting.com\/our-work\/this-could-be-your-project\/","url":"https:\/\/thepeopleconsulting.com\/our-work\/this-could-be-your-project\/","name":"This could be your project. - The People Consulting","isPartOf":{"@id":"https:\/\/thepeopleconsulting.com\/#website"},"primaryImageOfPage":{"@id":"https:\/\/thepeopleconsulting.com\/our-work\/this-could-be-your-project\/#primaryimage"},"image":{"@id":"https:\/\/thepeopleconsulting.com\/our-work\/this-could-be-your-project\/#primaryimage"},"thumbnailUrl":"https:\/\/thepeopleconsulting.com\/wp-content\/uploads\/2023\/05\/pexels-pixabay-316149-scaled.jpg","datePublished":"2023-06-01T10:42:10+00:00","dateModified":"2023-09-22T03:51:20+00:00","breadcrumb":{"@id":"https:\/\/thepeopleconsulting.com\/our-work\/this-could-be-your-project\/#breadcrumb"},"inLanguage":"de","potentialAction":[{"@type":"ReadAction","target":["https:\/\/thepeopleconsulting.com\/our-work\/this-could-be-your-project\/"]}]},{"@type":"ImageObject","inLanguage":"de","@id":"https:\/\/thepeopleconsulting.com\/our-work\/this-could-be-your-project\/#primaryimage","url":"https:\/\/thepeopleconsulting.com\/wp-content\/uploads\/2023\/05\/pexels-pixabay-316149-scaled.jpg","contentUrl":"https:\/\/thepeopleconsulting.com\/wp-content\/uploads\/2023\/05\/pexels-pixabay-316149-scaled.jpg"},{"@type":"BreadcrumbList","@id":"https:\/\/thepeopleconsulting.com\/our-work\/this-could-be-your-project\/#breadcrumb","itemListElement":[{"@type":"ListItem","position":1,"name":"Home","item":"https:\/\/thepeopleconsulting.com\/"},{"@type":"ListItem","position":2,"name":"Our Work","item":"https:\/\/thepeopleconsulting.com\/our-work\/"},{"@type":"ListItem","position":3,"name":"This could be your project."}]},{"@type":"WebSite","@id":"https:\/\/thepeopleconsulting.com\/#website","url":"https:\/\/thepeopleconsulting.com\/","name":"The People Consulting","description":"","potentialAction":[{"@type":"SearchAction","target":{"@type":"EntryPoint","urlTemplate":"https:\/\/thepeopleconsulting.com\/?s={search_term_string}"},"query-input":{"@type":"PropertyValueSpecification","valueRequired":true,"valueName":"search_term_string"}}],"inLanguage":"de"}]}},"_links":{"self":[{"href":"https:\/\/thepeopleconsulting.com\/de\/wp-json\/wp\/v2\/pages\/3863","targetHints":{"allow":["GET"]}}],"collection":[{"href":"https:\/\/thepeopleconsulting.com\/de\/wp-json\/wp\/v2\/pages"}],"about":[{"href":"https:\/\/thepeopleconsulting.com\/de\/wp-json\/wp\/v2\/types\/page"}],"author":[{"embeddable":true,"href":"https:\/\/thepeopleconsulting.com\/de\/wp-json\/wp\/v2\/users\/1"}],"replies":[{"embeddable":true,"href":"https:\/\/thepeopleconsulting.com\/de\/wp-json\/wp\/v2\/comments?post=3863"}],"version-history":[{"count":70,"href":"https:\/\/thepeopleconsulting.com\/de\/wp-json\/wp\/v2\/pages\/3863\/revisions"}],"predecessor-version":[{"id":5452,"href":"https:\/\/thepeopleconsulting.com\/de\/wp-json\/wp\/v2\/pages\/3863\/revisions\/5452"}],"up":[{"embeddable":true,"href":"https:\/\/thepeopleconsulting.com\/de\/wp-json\/wp\/v2\/pages\/262"}],"wp:attachment":[{"href":"https:\/\/thepeopleconsulting.com\/de\/wp-json\/wp\/v2\/media?parent=3863"}],"curies":[{"name":"wp","href":"https:\/\/api.w.org\/{rel}","templated":true}]}}